{"id":99,"date":"2022-04-04T11:33:49","date_gmt":"2022-04-04T09:33:49","guid":{"rendered":"https:\/\/sexhistory-berlin.de\/?page_id=99"},"modified":"2022-07-20T11:31:18","modified_gmt":"2022-07-20T09:31:18","slug":"auf-den-spuren-der-berliner-sexualitaetsgeschichte","status":"publish","type":"page","link":"https:\/\/sexhistory-berlin.de\/","title":{"rendered":""},"content":{"rendered":"\n<p class=\"has-black-color has-white-background-color has-text-color has-background has-medium-font-size\" style=\"font-style:normal;font-weight:900\">Auf den Spuren der Berliner Sexualit\u00e4tsgeschichte <\/p>\n\n\n\n<p class=\"has-drop-cap has-text-align-left\">Das interdisziplin\u00e4re Forschungstutorium <em>Sex and the City. Geschichte der Sexuali\u00e4t_en in Berlin<\/em> fand von Oktober 2021 bis Juli 2022 am kulturwissenschaftlichen Institut der Humboldt-Universit\u00e4t zu Berlin statt. Im Rahmen der X-Tutorials des Student Research Opportunities Programx (StuROPx) wurde das Projekt von der Berlin University Alliance gef\u00f6rdert. <\/p>\n\n\n\n<p class=\"has-text-align-center\">Tutorinnen: Xenia M\u00fcller und Jana L. Storch<\/p>\n\n\n<style id=\"kb-spacer_a198d6-4c\">.wp-block-kadence-spacer.kt-block-spacer-_a198d6-4c .kt-divider{width:49%;}<\/style>\n<div class=\"wp-block-kadence-spacer aligncenter kt-block-spacer-_a198d6-4c\"><div class=\"kt-block-spacer kt-block-spacer-halign-center\"><hr class=\"kt-divider\"\/><\/div><\/div>\n\n\n\n<p class=\"has-text-align-left\">Die studentischen Projekte fokussieren die Stadt im Zeichen ihrer Sexualkultur und decken einen historischen Rahmen von der Weimarer Republik bis zur Gegenwart ab. Von den Show-B\u00fchnen der 1920er Jahre; \u00fcber die Entstehung und Entwicklung von Sexshops; dem Wandel  der Abtreibungstechniken; der Verortung von Prostitution und Sexarbeit im urbanen Raum; bis hin zu sexueller (Sub-)Kultur in der DDR und queerer Clubkultur der Gegenwart: Die Forschungsprojekte verweisen auf die vielschichtigen Verflechtungen von Politik, Kultur, Kunst, Wissenschaft und Gesellschaft im Spannungsfeld des Sexuellen als &#8222;besonders dichte[m] Durchgangspunkt f\u00fcr Machtbeziehungen&#8220; (M. Foucault 1983, S. 125). Besonders deutlich stellt sich dabei heraus, dass nicht von <em>der<\/em> Sexualit\u00e4t, denn vielmehr von Sexualit\u00e4t_en im Plural gesprochen werden kann, die es in ihren historischen Kontexten zu untersuchen gilt.  Der tranzdisziplin\u00e4re, intersektionale und synchrone wie diachrone Blick auf die Sexualit\u00e4tsgeschichte Berlins vermag dabei auch eine kritische Reflexion heutiger Vorstellungen einer gradlinig verlaufenden und historisch vollendeten Fortschrittsgeschichte sexueller Befreiung anzusto\u00dfen.<\/p>\n\n\n\n<p>Die Forschungsprojekte entstanden in Kooperation mit verschiedenen Berliner Akteur:innen, wie der Forschungsstelle Kulturgeschichte der Sexualit\u00e4t der Humboldt-Universit\u00e4t zu Berlin, dem Schwulen Museum*, dem Spinnboden Lesbenarchiv, dem FFBIZ, den Stadtf\u00fchrungen Rebellisches Berlin, dem Sexshop Sexclusivit\u00e4ten u.w.<\/p>\n\n\n\n<p>Wir bedanken uns f\u00fcr die Unterst\u00fctzung und Zusammenarbeit bei Dr. Nina Lorkowski und Dr. Julia Rue\u00df, Prof. Dr. Claudia Bruns, Janine Afken und Liesa Hellamnn, Kena St\u00fcwe, Dr. Holger Brohm, Laura Meritt, Flixie und allen Kooperationspartner:innen. <\/p>\n","protected":false},"excerpt":{"rendered":"<p>Auf den Spuren der Berliner Sexualit\u00e4tsgeschichte Das interdisziplin\u00e4re Forschungstutorium Sex and the City. Geschichte der Sexuali\u00e4t_en in Berlin fand von Oktober 2021 bis Juli 2022 am kulturwissenschaftlichen Institut der Humboldt-Universit\u00e4t zu Berlin statt. Im Rahmen der X-Tutorials des Student Research Opportunities Programx (StuROPx) wurde das Projekt von der Berlin University Alliance gef\u00f6rdert. Tutorinnen: Xenia M\u00fcller &hellip; <\/p>\n<p class=\"link-more\"><a href=\"https:\/\/sexhistory-berlin.de\/\" class=\"more-link\"><span class=\"screen-reader-text\">\u201e\u201c<\/span> weiterlesen<\/a><\/p>\n","protected":false},"author":3,"featured_media":0,"parent":0,"menu_order":0,"comment_status":"closed","ping_status":"closed","template":"","meta":[],"_links":{"self":[{"href":"https:\/\/sexhistory-berlin.de\/index.php?rest_route=\/wp\/v2\/pages\/99"}],"collection":[{"href":"https:\/\/sexhistory-berlin.de\/index.php?rest_route=\/wp\/v2\/pages"}],"about":[{"href":"https:\/\/sexhistory-berlin.de\/index.php?rest_route=\/wp\/v2\/types\/page"}],"author":[{"embeddable":true,"href":"https:\/\/sexhistory-berlin.de\/index.php?rest_route=\/wp\/v2\/users\/3"}],"replies":[{"embeddable":true,"href":"https:\/\/sexhistory-berlin.de\/index.php?rest_route=%2Fwp%2Fv2%2Fcomments&post=99"}],"version-history":[{"count":13,"href":"https:\/\/sexhistory-berlin.de\/index.php?rest_route=\/wp\/v2\/pages\/99\/revisions"}],"predecessor-version":[{"id":692,"href":"https:\/\/sexhistory-berlin.de\/index.php?rest_route=\/wp\/v2\/pages\/99\/revisions\/692"}],"wp:attachment":[{"href":"https:\/\/sexhistory-berlin.de\/index.php?rest_route=%2Fwp%2Fv2%2Fmedia&parent=99"}],"curies":[{"name":"wp","href":"https:\/\/api.w.org\/{rel}","templated":true}]}}